{"id":3956,"date":"2025-03-20T17:10:34","date_gmt":"2025-03-20T17:10:34","guid":{"rendered":"https:\/\/www.gabriele-engelhardt.com\/contact-imprint"},"modified":"2026-02-24T12:16:45","modified_gmt":"2026-02-24T12:16:45","slug":"contact-imprint","status":"publish","type":"page","link":"https:\/\/www.gabriele-engelhardt.com\/fr\/contact-imprint","title":{"rendered":"Contact\/ Empreinte"},"content":{"rendered":"\t\t<div data-elementor-type=\"wp-page\" data-elementor-id=\"3956\" class=\"elementor elementor-3956 elementor-2615\" data-elementor-post-type=\"page\">\n\t\t\t\t<div class=\"elementor-element elementor-element-b6f6970 e-flex e-con-boxed e-con e-parent\" data-id=\"b6f6970\" data-element_type=\"container\" data-e-type=\"container\">\n\t\t\t\t\t<div class=\"e-con-inner\">\n\t\t\t\t<div class=\"elementor-element elementor-element-40c7a72 elementor-widget elementor-widget-text-editor\" data-id=\"40c7a72\" data-element_type=\"widget\" data-e-type=\"widget\" data-widget_type=\"text-editor.default\">\n\t\t\t\t<div class=\"elementor-widget-container\">\n\t\t\t\t\t\t\t\t\t<h3><strong>Contact<\/strong><\/h3><ol><li>Suivez-moi sur Instagram \u00e0 l'adresse <strong>gabriele_engelhardt<\/strong><\/li><li>Bulletin d'information - veuillez envoyer un e-mail \u00e0 <strong><span style=\"color: #000000;\">info (at) gabrieleengelhardt.de<\/span><\/strong><\/li><\/ol>\t\t\t\t\t\t\t\t<\/div>\n\t\t\t\t<\/div>\n\t\t\t\t<div class=\"elementor-element elementor-element-4b371eb elementor-widget elementor-widget-text-editor\" data-id=\"4b371eb\" data-element_type=\"widget\" data-e-type=\"widget\" data-widget_type=\"text-editor.default\">\n\t\t\t\t<div class=\"elementor-widget-container\">\n\t\t\t\t\t\t\t\t\t<h3><strong>Empreinte<\/strong><\/h3><ol><li>Responsable du contenu conform\u00e9ment au \u00a7 10 MDSTV :  <strong>Gabriele Engelhardt, Marienstr. 55, 76137 Karlsruhe <\/strong><\/li><\/ol>\t\t\t\t\t\t\t\t<\/div>\n\t\t\t\t<\/div>\n\t\t\t\t<div class=\"elementor-element elementor-element-7ca8219 elementor-widget elementor-widget-text-editor\" data-id=\"7ca8219\" data-element_type=\"widget\" data-e-type=\"widget\" data-widget_type=\"text-editor.default\">\n\t\t\t\t<div class=\"elementor-widget-container\">\n\t\t\t\t\t\t\t\t\t<h3><strong>Copyright<\/strong><\/h3><p style=\"padding-left: 40px;\"><strong>Tous droits r\u00e9serv\u00e9s. Toute utilisation est strictement interdite. <\/strong><\/p><p style=\"padding-left: 40px;\">Toutes les images pr\u00e9sent\u00e9es sur ce site sont prot\u00e9g\u00e9es par les droits d'auteur de Gabriele Engelhardt \/VG Bild-Kunst.<\/p><p style=\"padding-left: 40px;\">Tous les textes sont prot\u00e9g\u00e9s par les droits d'auteur des auteurs.<\/p><p style=\"padding-left: 40px;\">Elles ne peuvent pas \u00eatre utilis\u00e9es ou publi\u00e9es sans autorisation \u00e9crite.<\/p><p style=\"padding-left: 40px;\">Gabriele Engelhardt\/ VG Bild-Kunst 2026<\/p><div>\u00a0<\/div><div>\u00a0<\/div>\t\t\t\t\t\t\t\t<\/div>\n\t\t\t\t<\/div>\n\t\t\t\t\t<\/div>\n\t\t\t\t<\/div>\n\t\t<div class=\"elementor-element elementor-element-72fb9cc e-flex e-con-boxed e-con e-parent\" data-id=\"72fb9cc\" data-element_type=\"container\" data-e-type=\"container\">\n\t\t\t\t\t<div class=\"e-con-inner\">\n\t\t\t\t<div class=\"elementor-element elementor-element-e369854 elementor-widget elementor-widget-text-editor\" data-id=\"e369854\" data-element_type=\"widget\" data-e-type=\"widget\" data-widget_type=\"text-editor.default\">\n\t\t\t\t<div class=\"elementor-widget-container\">\n\t\t\t\t\t\t\t\t\t<h3 class=\"uppercase text-3xl leading-tight border-t border-black\"><strong>Protection des donn\u00e9es<\/strong><\/h3><div class=\"article mb-8 max-w-2xl leading-tight\"><h4>1. la protection des donn\u00e9es en un coup d'\u0153il<\/h4><h4 style=\"padding-left: 40px;\">Remarques g\u00e9n\u00e9rales<\/h4><p style=\"padding-left: 40px;\">Les informations suivantes donnent un aper\u00e7u simple de ce qui se passe avec vos donn\u00e9es personnelles lorsque vous visitez ce site. Les donn\u00e9es personnelles sont toutes les donn\u00e9es qui permettent de vous identifier personnellement. Vous trouverez des informations d\u00e9taill\u00e9es sur le th\u00e8me de la protection des donn\u00e9es dans notre d\u00e9claration de protection des donn\u00e9es figurant sous ce texte.  <\/p><h4 style=\"padding-left: 40px;\">Collecte de donn\u00e9es sur ce site<\/h4><h4 style=\"padding-left: 40px;\">Qui est responsable de la collecte des donn\u00e9es sur ce site ?<\/h4><p style=\"padding-left: 40px;\">Le traitement des donn\u00e9es sur ce site web est effectu\u00e9 par l'exploitant du site web. Vous trouverez ses coordonn\u00e9es dans les mentions l\u00e9gales de ce site web. <\/p><h4 style=\"padding-left: 40px;\">Comment collectons-nous vos donn\u00e9es ?<\/h4><p style=\"padding-left: 40px;\">Vos donn\u00e9es sont collect\u00e9es, d'une part, lorsque vous nous les communiquez. Il peut s'agir, par exemple, de donn\u00e9es que vous saisissez dans un formulaire de contact. <\/p><p style=\"padding-left: 40px;\">D'autres donn\u00e9es sont collect\u00e9es automatiquement ou apr\u00e8s votre consentement par nos syst\u00e8mes informatiques lorsque vous visitez le site. Il s'agit principalement de donn\u00e9es techniques (par exemple, le navigateur Internet, le syst\u00e8me d'exploitation ou l'heure \u00e0 laquelle la page a \u00e9t\u00e9 consult\u00e9e). La collecte de ces donn\u00e9es est automatique d\u00e8s que vous acc\u00e9dez \u00e0 ce site.  <\/p><h4 style=\"padding-left: 40px;\">\u00c0 quelles fins utilisons-nous vos donn\u00e9es ?<\/h4><p style=\"padding-left: 40px;\">Une partie des donn\u00e9es est collect\u00e9e afin de garantir une mise \u00e0 disposition sans erreur du site web. D'autres donn\u00e9es peuvent \u00eatre utilis\u00e9es pour analyser votre comportement d'utilisateur. <\/p><h4 style=\"padding-left: 40px;\">Quels sont vos droits concernant vos donn\u00e9es ?<\/h4><p style=\"padding-left: 40px;\">Vous avez \u00e0 tout moment le droit d'obtenir gratuitement des informations sur l'origine, le destinataire et la finalit\u00e9 de vos donn\u00e9es personnelles enregistr\u00e9es. Vous avez \u00e9galement le droit de demander la rectification ou la suppression de ces donn\u00e9es. Si vous avez donn\u00e9 votre consentement au traitement des donn\u00e9es, vous pouvez \u00e0 tout moment r\u00e9voquer ce consentement pour l'avenir. Vous avez \u00e9galement le droit de demander la limitation du traitement de vos donn\u00e9es personnelles dans certaines circonstances. En outre, vous disposez d'un droit de recours aupr\u00e8s de l'autorit\u00e9 de contr\u00f4le comp\u00e9tente.    <\/p><p style=\"padding-left: 40px;\">Vous pouvez nous contacter \u00e0 tout moment \u00e0 ce sujet ou pour toute autre question relative \u00e0 la protection des donn\u00e9es \u00e0 l'adresse indiqu\u00e9e dans les mentions l\u00e9gales.<\/p><h4>2. h\u00e9bergement et r\u00e9seaux de diffusion de contenu (CDN)H\u00e9bergement externe<\/h4><p style=\"padding-left: 40px;\">Ce site web est h\u00e9berg\u00e9 par un prestataire de services externe (h\u00e9bergeur). Les donn\u00e9es personnelles collect\u00e9es sur ce site sont stock\u00e9es sur les serveurs de l'h\u00e9bergeur. Il peut s'agir notamment d'adresses IP, de demandes de contact, de m\u00e9tadonn\u00e9es et de donn\u00e9es de communication, de donn\u00e9es contractuelles, de donn\u00e9es de contact, de noms, de visites de sites Web et d'autres donn\u00e9es g\u00e9n\u00e9r\u00e9es par un site Web. L'utilisation de l'h\u00e9bergeur a pour but l'ex\u00e9cution du contrat avec nos clients potentiels et existants (article 6, paragraphe 1, point b) du RGPD) et dans l'int\u00e9r\u00eat d'une mise \u00e0 disposition s\u00fbre, rapide et efficace de notre offre en ligne par un fournisseur professionnel (article 6, paragraphe 1, point f) du RGPD).   <\/p><p style=\"padding-left: 40px;\">Notre h\u00e9bergeur ne traitera vos donn\u00e9es que dans la mesure o\u00f9 cela est n\u00e9cessaire pour remplir ses obligations de service et se conformera \u00e0 nos instructions concernant ces donn\u00e9es.<\/p><h4 style=\"padding-left: 40px;\">Nous utilisons l'h\u00e9bergeur suivant :<\/h4><div class=\"\"><div class=\"tw-flex\"><div><div class=\"tw-text-left\"><div><div class=\"tw-sans-regular tw-text-base tw-font-normal tw-text-cool-grey-700 [&amp;&lt;encoded_tag_closed \/&gt;.a]:tw-mt-32\"><p class=\"\" style=\"padding-left: 40px;\">IONOS SE<\/p><p class=\"\" style=\"padding-left: 40px;\">Elgendorfer Str. 57<\/p><p class=\"\" style=\"padding-left: 40px;\">56410 Montabaur<\/p><\/div><\/div><\/div><\/div><\/div><\/div><div class=\"tw-flex tw-flex-auto\"> <\/div><h4>3. indications g\u00e9n\u00e9rales et informations obligatoires<\/h4><h4 style=\"padding-left: 40px;\">Protection des donn\u00e9es<\/h4><p style=\"padding-left: 40px;\">Les op\u00e9rateurs de ces pages prennent la protection de vos donn\u00e9es personnelles tr\u00e8s au s\u00e9rieux. Nous traitons vos donn\u00e9es personnelles de mani\u00e8re confidentielle et conform\u00e9ment aux dispositions l\u00e9gales en mati\u00e8re de protection des donn\u00e9es et \u00e0 la pr\u00e9sente d\u00e9claration de confidentialit\u00e9. <\/p><p style=\"padding-left: 40px;\">Lorsque vous utilisez ce site web, diverses donn\u00e9es personnelles sont collect\u00e9es. Les donn\u00e9es personnelles sont des donn\u00e9es qui permettent de vous identifier personnellement. La pr\u00e9sente d\u00e9claration de confidentialit\u00e9 explique quelles donn\u00e9es nous collectons et \u00e0 quelles fins nous les utilisons. Elle explique \u00e9galement comment et dans quel but nous le faisons.   <\/p><p style=\"padding-left: 40px;\">Nous attirons votre attention sur le fait que la transmission de donn\u00e9es sur Internet (par ex. lors de la communication par e-mail) peut pr\u00e9senter des failles de s\u00e9curit\u00e9. Une protection compl\u00e8te des donn\u00e9es contre l'acc\u00e8s par des tiers n'est pas possible. <\/p><h4 style=\"padding-left: 40px;\">Note sur l'entit\u00e9 responsable<\/h4><p style=\"padding-left: 40px;\">Le responsable du traitement des donn\u00e9es sur ce site est :<\/p><p style=\"padding-left: 40px;\">Gabriele Engelhardt<\/p><p style=\"padding-left: 40px;\">info (at)gabrieleengelhardt.de<\/p><p style=\"padding-left: 40px;\">Le responsable du traitement est la personne physique ou morale qui, seule ou conjointement avec d'autres, d\u00e9termine les finalit\u00e9s et les moyens du traitement des donn\u00e9es \u00e0 caract\u00e8re personnel (par exemple, les noms, les adresses \u00e9lectroniques ou autres).<\/p><h4 style=\"padding-left: 40px;\">Dur\u00e9e de stockage<\/h4><p style=\"padding-left: 40px;\">Si aucune dur\u00e9e de conservation sp\u00e9cifique n'est mentionn\u00e9e dans la pr\u00e9sente d\u00e9claration de protection des donn\u00e9es, vos donn\u00e9es personnelles resteront chez nous jusqu'\u00e0 ce que la finalit\u00e9 du traitement des donn\u00e9es ne soit plus applicable. Si vous faites valoir une demande l\u00e9gitime de suppression ou si vous retirez votre consentement au traitement des donn\u00e9es, vos donn\u00e9es seront supprim\u00e9es, \u00e0 moins que nous n'ayons d'autres raisons l\u00e9gales de conserver vos donn\u00e9es personnelles (par exemple, des p\u00e9riodes de conservation fiscales ou commerciales) ; dans ce dernier cas, la suppression aura lieu apr\u00e8s la disparition de ces raisons. <\/p><h4 style=\"padding-left: 40px;\">Note sur le transfert de donn\u00e9es vers les \u00c9tats-Unis<\/h4><p style=\"padding-left: 40px;\">Notre site web int\u00e8gre, entre autres, des outils de soci\u00e9t\u00e9s bas\u00e9es aux \u00c9tats-Unis. Lorsque ces outils sont actifs, vos donn\u00e9es personnelles peuvent \u00eatre transmises aux serveurs am\u00e9ricains des entreprises concern\u00e9es. Nous attirons votre attention sur le fait que les \u00c9tats-Unis ne sont pas un pays tiers s\u00fbr au sens de la l\u00e9gislation europ\u00e9enne sur la protection des donn\u00e9es. Les entreprises am\u00e9ricaines sont tenues de fournir des donn\u00e9es personnelles aux autorit\u00e9s de s\u00e9curit\u00e9 sans que vous puissiez, en tant que personne concern\u00e9e, intenter une action en justice. Il ne peut donc pas \u00eatre exclu que les autorit\u00e9s am\u00e9ricaines (par ex. les services secrets) traitent, analysent et stockent durablement vos donn\u00e9es sur les serveurs am\u00e9ricains \u00e0 des fins de surveillance. Nous n'avons aucune influence sur ces activit\u00e9s de traitement.     <\/p><h4 style=\"padding-left: 40px;\">R\u00e9vocation de votre consentement au traitement des donn\u00e9es<\/h4><p style=\"padding-left: 40px;\">De nombreuses op\u00e9rations de traitement des donn\u00e9es ne sont possibles qu'avec votre consentement explicite. Vous pouvez r\u00e9voquer \u00e0 tout moment un consentement d\u00e9j\u00e0 donn\u00e9. La l\u00e9galit\u00e9 du traitement des donn\u00e9es effectu\u00e9 jusqu'\u00e0 la r\u00e9vocation n'est pas affect\u00e9e par la r\u00e9vocation.  <\/p><p style=\"padding-left: 40px;\">Droit d'opposition \u00e0 la collecte de donn\u00e9es dans des cas particuliers et \u00e0 la publicit\u00e9 directe (article 21 du RGPD)<\/p><p style=\"padding-left: 40px;\">LORSQUE LE TRAITEMENT DES DONN\u00c9ES EST EFFECTU\u00c9 SUR LA BASE DE L'ART. 6 ABS. 1 LIT. E OU F DU RGPD, VOUS AVEZ LE DROIT DE VOUS OPPOSER \u00c0 TOUT MOMENT, POUR DES RAISONS TENANT \u00c0 VOTRE SITUATION PARTICULI\u00c8RE, AU TRAITEMENT DE VOS DONN\u00c9ES PERSONNELLES ; CECI S'APPLIQUE \u00c9GALEMENT AU PROFILAGE FOND\u00c9 SUR CES DISPOSITIONS. VOUS TROUVEREZ DANS LA PR\u00c9SENTE D\u00c9CLARATION DE PROTECTION DES DONN\u00c9ES LES BASES JURIDIQUES RESPECTIVES SUR LESQUELLES SE FONDE UN TRAITEMENT. SI VOUS VOUS Y OPPOSEZ, NOUS NE TRAITERONS PLUS VOS DONN\u00c9ES PERSONNELLES CONCERN\u00c9ES, \u00c0 MOINS QUE NOUS PUISSIONS D\u00c9MONTRER DES RAISONS IMP\u00c9RIEUSES ET L\u00c9GITIMES POUR LE TRAITEMENT QUI PR\u00c9VALENT SUR VOS INT\u00c9R\u00caTS, DROITS ET LIBERT\u00c9S, OU QUE LE TRAITEMENT SERVE \u00c0 FAIRE VALOIR, EXERCER OU D\u00c9FENDRE DES DROITS L\u00c9GAUX (OPPOSITION \u00c0 L'ARTICLE 21, PARAGRAPHE 1, DU RGPD).    <\/p><p style=\"padding-left: 40px;\">SI VOS DONN\u00c9ES PERSONNELLES SONT TRAIT\u00c9ES \u00c0 DES FINS DE PUBLICIT\u00c9 DIRECTE, VOUS AVEZ LE DROIT DE VOUS OPPOSER \u00c0 TOUT MOMENT AU TRAITEMENT DES DONN\u00c9ES PERSONNELLES VOUS CONCERNANT \u00c0 DES FINS DE PUBLICIT\u00c9 DIRECTE ; CECI S'APPLIQUE \u00c9GALEMENT AU PROFILAGE DANS LA MESURE O\u00d9 IL EST LI\u00c9 \u00c0 UNE TELLE PUBLICIT\u00c9 DIRECTE. SI VOUS VOUS Y OPPOSEZ, VOS DONN\u00c9ES PERSONNELLES NE SERONT PLUS UTILIS\u00c9ES \u00c0 DES FINS DE PROSPECTION DIRECTE (OPPOSITION CONFORM\u00c9MENT \u00c0 L'ARTICLE 21, PARAGRAPHE 2, DU RGPD). <\/p><h4 style=\"padding-left: 40px;\">Droit de recours aupr\u00e8s de l'autorit\u00e9 de contr\u00f4le comp\u00e9tente<\/h4><p style=\"padding-left: 40px;\">En cas de violation du RGPD, les personnes concern\u00e9es ont le droit d'introduire une r\u00e9clamation aupr\u00e8s d'une autorit\u00e9 de contr\u00f4le, en particulier dans l'\u00c9tat membre de leur r\u00e9sidence habituelle, de leur lieu de travail ou du lieu de la violation pr\u00e9sum\u00e9e. Ce droit de recours est sans pr\u00e9judice de tout autre recours administratif ou judiciaire. <\/p><h4 style=\"padding-left: 40px;\">Droit \u00e0 la portabilit\u00e9 des donn\u00e9es<\/h4><p style=\"padding-left: 40px;\">Vous avez le droit de vous faire remettre ou de faire remettre \u00e0 un tiers, dans un format courant et lisible par machine, les donn\u00e9es que nous traitons de mani\u00e8re automatis\u00e9e sur la base de votre consentement ou en ex\u00e9cution d'un contrat. Si vous demandez la transmission directe des donn\u00e9es \u00e0 un autre responsable, cela ne se fera que dans la mesure o\u00f9 cela est techniquement possible. <\/p><h4 style=\"padding-left: 40px;\">Acc\u00e8s, suppression et rectification<\/h4><p style=\"padding-left: 40px;\">Dans le cadre des dispositions l\u00e9gales en vigueur, vous avez \u00e0 tout moment le droit d'obtenir gratuitement des informations sur vos donn\u00e9es personnelles enregistr\u00e9es, leur origine et leur destinataire ainsi que sur la finalit\u00e9 du traitement des donn\u00e9es et, le cas \u00e9ch\u00e9ant, un droit de rectification ou de suppression de ces donn\u00e9es. Pour cela, ainsi que pour toute autre question relative aux donn\u00e9es personnelles, vous pouvez nous contacter \u00e0 tout moment \u00e0 l'adresse indiqu\u00e9e dans les mentions l\u00e9gales. <\/p><h4 style=\"padding-left: 40px;\">Droit \u00e0 la limitation du traitement<\/h4><p style=\"padding-left: 40px;\">Vous avez le droit de demander la limitation du traitement de vos donn\u00e9es \u00e0 caract\u00e8re personnel. Pour ce faire, vous pouvez nous contacter \u00e0 tout moment \u00e0 l'adresse indiqu\u00e9e dans les mentions l\u00e9gales. Le droit \u00e0 la limitation du traitement s'applique dans les cas suivants :  <\/p><ul><li style=\"list-style-type: none;\"><ul><li>Si vous contestez l'exactitude des donn\u00e9es personnelles que nous d\u00e9tenons \u00e0 votre sujet, nous avons g\u00e9n\u00e9ralement besoin de temps pour le v\u00e9rifier. Pendant la dur\u00e9e de la v\u00e9rification, vous avez le droit de demander la limitation du traitement de vos donn\u00e9es personnelles. <\/li><li>Si le traitement de vos donn\u00e9es personnelles s'est produit\/se produit de mani\u00e8re ill\u00e9gale, vous pouvez demander la limitation du traitement des donn\u00e9es plut\u00f4t que leur suppression.<\/li><li>Si nous n'avons plus besoin de vos donn\u00e9es personnelles, mais que vous en avez besoin pour exercer, d\u00e9fendre ou faire valoir des droits l\u00e9gaux, vous avez le droit de demander la limitation du traitement de vos donn\u00e9es personnelles au lieu de leur suppression.<\/li><li>Si vous avez fait opposition conform\u00e9ment \u00e0 l'article 21, paragraphe 1, du RGPD, un \u00e9quilibre doit \u00eatre trouv\u00e9 entre vos int\u00e9r\u00eats et les n\u00f4tres. Tant qu'il n'a pas \u00e9t\u00e9 d\u00e9termin\u00e9 quels int\u00e9r\u00eats pr\u00e9valent, vous avez le droit de demander la limitation du traitement de vos donn\u00e9es personnelles.  <\/li><\/ul><\/li><\/ul><p style=\"padding-left: 40px;\">Si vous avez limit\u00e9 le traitement de vos donn\u00e9es personnelles, ces donn\u00e9es - \u00e0 l'exception de leur stockage - ne peuvent \u00eatre trait\u00e9es qu'avec votre consentement ou pour la constatation, l'exercice ou la d\u00e9fense de droits en justice ou pour la protection des droits d'une autre personne physique ou morale, ou pour un motif d'int\u00e9r\u00eat public important de l'Union europ\u00e9enne ou d'un \u00c9tat membre.<\/p><h4>4. collecte de donn\u00e9es sur ce site<\/h4><h4 style=\"padding-left: 40px;\">Fichiers journaux du serveur<\/h4><p style=\"padding-left: 40px;\">Le fournisseur des pages collecte et enregistre automatiquement des informations dans ce que l'on appelle des fichiers journaux du serveur, que votre navigateur nous transmet automatiquement. Il s'agit de <\/p><ul><li style=\"list-style-type: none;\"><ul><li>Type et version du navigateur<\/li><li>le syst\u00e8me d'exploitation utilis\u00e9<\/li><li>URL de r\u00e9f\u00e9rence<\/li><li>Nom d'h\u00f4te de l'ordinateur qui acc\u00e8de au site<\/li><li>Heure de la demande du serveur<\/li><li>Adresse IP<\/li><\/ul><\/li><\/ul><p style=\"padding-left: 40px;\">Ces donn\u00e9es ne sont pas recoup\u00e9es avec d'autres sources de donn\u00e9es.<\/p><p style=\"padding-left: 40px;\">La collecte de ces donn\u00e9es est bas\u00e9e sur l'article 6, paragraphe 1, point f) du RGPD. L'exploitant du site web a un int\u00e9r\u00eat l\u00e9gitime \u00e0 ce que son site web soit pr\u00e9sent\u00e9 sans erreur technique et \u00e0 ce qu'il soit optimis\u00e9 - pour cela, les fichiers journaux du serveur doivent \u00eatre collect\u00e9s.   <\/p><p style=\"padding-left: 40px;\">Source : https:\/\/www.e-recht24.de<\/p><\/div>\t\t\t\t\t\t\t\t<\/div>\n\t\t\t\t<\/div>\n\t\t\t\t\t<\/div>\n\t\t\t\t<\/div>\n\t\t\t\t<\/div>\n\t\t","protected":false},"excerpt":{"rendered":"<p>Contact Suivez-moi sur Instagram \u00e0 l'adresse gabriele_engelhardt Bulletin d'information - veuillez envoyer un e-mail \u00e0 info (at) gabrieleengelhardt.de Empreinte Responsable du contenu conform\u00e9ment au \u00a7 10 MDSTV : Gabriele Engelhardt, Marienstr. 55, 76137 Karlsruhe Copyright Tous droits r\u00e9serv\u00e9s. Toute utilisation est strictement interdite. Toutes les images pr\u00e9sent\u00e9es sur ce site sont prot\u00e9g\u00e9es par les droits [&hellip;]<\/p>\n","protected":false},"author":1,"featured_media":0,"parent":0,"menu_order":0,"comment_status":"closed","ping_status":"closed","template":"elementor_header_footer","meta":{"footnotes":""},"class_list":["post-3956","page","type-page","status-publish","hentry"],"_links":{"self":[{"href":"https:\/\/www.gabriele-engelhardt.com\/fr\/wp-json\/wp\/v2\/pages\/3956","targetHints":{"allow":["GET"]}}],"collection":[{"href":"https:\/\/www.gabriele-engelhardt.com\/fr\/wp-json\/wp\/v2\/pages"}],"about":[{"href":"https:\/\/www.gabriele-engelhardt.com\/fr\/wp-json\/wp\/v2\/types\/page"}],"author":[{"embeddable":true,"href":"https:\/\/www.gabriele-engelhardt.com\/fr\/wp-json\/wp\/v2\/users\/1"}],"replies":[{"embeddable":true,"href":"https:\/\/www.gabriele-engelhardt.com\/fr\/wp-json\/wp\/v2\/comments?post=3956"}],"version-history":[{"count":9,"href":"https:\/\/www.gabriele-engelhardt.com\/fr\/wp-json\/wp\/v2\/pages\/3956\/revisions"}],"predecessor-version":[{"id":4672,"href":"https:\/\/www.gabriele-engelhardt.com\/fr\/wp-json\/wp\/v2\/pages\/3956\/revisions\/4672"}],"wp:attachment":[{"href":"https:\/\/www.gabriele-engelhardt.com\/fr\/wp-json\/wp\/v2\/media?parent=3956"}],"curies":[{"name":"wp","href":"https:\/\/api.w.org\/{rel}","templated":true}]}}