{"id":3932,"date":"2025-03-20T17:25:01","date_gmt":"2025-03-20T17:25:01","guid":{"rendered":"https:\/\/www.gabriele-engelhardt.com\/livres"},"modified":"2025-07-24T18:14:58","modified_gmt":"2025-07-24T18:14:58","slug":"livres","status":"publish","type":"page","link":"https:\/\/www.gabriele-engelhardt.com\/fr\/livres","title":{"rendered":"Livres"},"content":{"rendered":"\t\t<div data-elementor-type=\"wp-page\" data-elementor-id=\"3932\" class=\"elementor elementor-3932 elementor-2766\" data-elementor-post-type=\"page\">\n\t\t\t\t<div class=\"elementor-element elementor-element-508595c e-flex e-con-boxed e-con e-parent\" data-id=\"508595c\" data-element_type=\"container\" data-e-type=\"container\">\n\t\t\t\t\t<div class=\"e-con-inner\">\n\t\t<div class=\"elementor-element elementor-element-6f8078a e-con-full e-flex e-con e-child\" data-id=\"6f8078a\" data-element_type=\"container\" data-e-type=\"container\">\n\t\t<div class=\"elementor-element elementor-element-7b38515 e-con-full e-flex e-con e-child\" data-id=\"7b38515\" data-element_type=\"container\" data-e-type=\"container\">\n\t\t\t\t<div class=\"elementor-element elementor-element-120422e elementor-widget elementor-widget-image\" data-id=\"120422e\" data-element_type=\"widget\" data-e-type=\"widget\" data-widget_type=\"image.default\">\n\t\t\t\t<div class=\"elementor-widget-container\">\n\t\t\t\t\t\t\t\t\t\t\t\t\t\t\t<img fetchpriority=\"high\" decoding=\"async\" width=\"800\" height=\"674\" src=\"https:\/\/www.gabriele-engelhardt.com\/wp-content\/uploads\/2025\/02\/IMG_0245_b-1024x863.jpg\" class=\"attachment-large size-large wp-image-3793\" alt=\"\" srcset=\"https:\/\/www.gabriele-engelhardt.com\/wp-content\/uploads\/2025\/02\/IMG_0245_b-1024x863.jpg 1024w, https:\/\/www.gabriele-engelhardt.com\/wp-content\/uploads\/2025\/02\/IMG_0245_b-300x253.jpg 300w, https:\/\/www.gabriele-engelhardt.com\/wp-content\/uploads\/2025\/02\/IMG_0245_b-768x647.jpg 768w, https:\/\/www.gabriele-engelhardt.com\/wp-content\/uploads\/2025\/02\/IMG_0245_b-1536x1294.jpg 1536w, https:\/\/www.gabriele-engelhardt.com\/wp-content\/uploads\/2025\/02\/IMG_0245_b-2048x1726.jpg 2048w\" sizes=\"(max-width: 800px) 100vw, 800px\" \/>\t\t\t\t\t\t\t\t\t\t\t\t\t\t\t<\/div>\n\t\t\t\t<\/div>\n\t\t\t\t<\/div>\n\t\t\t\t<\/div>\n\t\t<div class=\"elementor-element elementor-element-8444b77 e-con-full e-flex e-con e-child\" data-id=\"8444b77\" data-element_type=\"container\" data-e-type=\"container\">\n\t\t\t\t<div class=\"elementor-element elementor-element-3de4659 elementor-widget elementor-widget-text-editor\" data-id=\"3de4659\" data-element_type=\"widget\" data-e-type=\"widget\" data-widget_type=\"text-editor.default\">\n\t\t\t\t<div class=\"elementor-widget-container\">\n\t\t\t\t\t\t\t\t\t<p>Gabriele Engelhardt<\/p><p><strong>raw_material<\/strong><\/p><p><strong>Autrices et auteurs\/ Authoress and author<\/strong><\/p><p>- Dr\u00a0 Anett Holzheid (conservatrice, Centre d'art et<\/p><p>\u00a0 des m\u00e9dias, ZKM)<\/p><p>- Dr\u00a0 Helga Huskamp (Directrice g\u00e9n\u00e9rale du ZKM, 2001 - 2003)<\/p><p>- Florian Steiniger (Directeur de la Kunsthalle Krems,\u00a0 Autriche)<\/p><p><strong>Conception graphique et composition\/ <\/strong><\/p><p><strong>Graphic design and typesetting <br \/><\/strong><\/p><p>- Hannah Feldmeier, Leipzig<\/p><p><strong>Lectorat\/ Copyediting<\/strong><\/p><p>- Stefanie Hoppe<\/p><p>- Dr. Christine Hausmann<\/p><p><strong>Tirage\/ Copies<\/strong><\/p><p>\u00a0-1000<\/p><p><strong>Impression\/ Print<\/strong><\/p><p>\u00a0-Officine Scheufele, Stuttgart<\/p><p><strong>Soutenu par\/ Supported by<\/strong><\/p><p>- Fondation du Fonds des arts<\/p><p>- La d\u00e9l\u00e9gu\u00e9e du gouvernement f\u00e9d\u00e9ral aux arts et aux m\u00e9dias<\/p><p>- Administration du port de Kehl<\/p><p>- Ville de Kehl<\/p><p><strong>Paru\/ Published<\/strong><\/p><p>\u00a0Verlag f\u00fcr moderne Kunst GmbH , Vienne<\/p><p>\u00a0Paru en avril 2024<\/p><p>\u00a0ISBN 978-3-99153-033-6<\/p><p>\u00a034,- \u20ac TVA incluse, plus frais de port<\/p><p>\u00a0\u20ac 42,- TVA incluse, sign\u00e9 et num\u00e9rot\u00e9, frais de port\u00a0 \u00a0en sus<\/p><p>\u00a0Commande via info(at)gabrieleengelhardt.de<\/p>\t\t\t\t\t\t\t\t<\/div>\n\t\t\t\t<\/div>\n\t\t\t\t<\/div>\n\t\t\t\t\t<\/div>\n\t\t\t\t<\/div>\n\t\t<div class=\"elementor-element elementor-element-63e8f8c e-flex e-con-boxed e-con e-parent\" data-id=\"63e8f8c\" data-element_type=\"container\" data-e-type=\"container\">\n\t\t\t\t\t<div class=\"e-con-inner\">\n\t\t<div class=\"elementor-element elementor-element-71a9a56 e-con-full e-flex e-con e-child\" data-id=\"71a9a56\" data-element_type=\"container\" data-e-type=\"container\">\n\t\t\t\t<div class=\"elementor-element elementor-element-e9d3701 elementor-widget elementor-widget-image\" data-id=\"e9d3701\" data-element_type=\"widget\" data-e-type=\"widget\" data-widget_type=\"image.default\">\n\t\t\t\t<div class=\"elementor-widget-container\">\n\t\t\t\t\t\t\t\t\t\t\t\t\t\t\t<img decoding=\"async\" width=\"800\" height=\"459\" src=\"https:\/\/www.gabriele-engelhardt.com\/wp-content\/uploads\/2025\/02\/2024_Katalog_Inneres-Cover_IMG_4127-1024x587.jpg\" class=\"attachment-large size-large wp-image-3814\" alt=\"\" srcset=\"https:\/\/www.gabriele-engelhardt.com\/wp-content\/uploads\/2025\/02\/2024_Katalog_Inneres-Cover_IMG_4127-1024x587.jpg 1024w, https:\/\/www.gabriele-engelhardt.com\/wp-content\/uploads\/2025\/02\/2024_Katalog_Inneres-Cover_IMG_4127-300x172.jpg 300w, https:\/\/www.gabriele-engelhardt.com\/wp-content\/uploads\/2025\/02\/2024_Katalog_Inneres-Cover_IMG_4127-768x440.jpg 768w, https:\/\/www.gabriele-engelhardt.com\/wp-content\/uploads\/2025\/02\/2024_Katalog_Inneres-Cover_IMG_4127-1536x880.jpg 1536w, https:\/\/www.gabriele-engelhardt.com\/wp-content\/uploads\/2025\/02\/2024_Katalog_Inneres-Cover_IMG_4127.jpg 1701w\" sizes=\"(max-width: 800px) 100vw, 800px\" \/>\t\t\t\t\t\t\t\t\t\t\t\t\t\t\t<\/div>\n\t\t\t\t<\/div>\n\t\t\t\t<div class=\"elementor-element elementor-element-8060270 elementor-widget elementor-widget-image\" data-id=\"8060270\" data-element_type=\"widget\" data-e-type=\"widget\" data-widget_type=\"image.default\">\n\t\t\t\t<div class=\"elementor-widget-container\">\n\t\t\t\t\t\t\t\t\t\t\t\t\t\t\t<img decoding=\"async\" width=\"800\" height=\"472\" src=\"https:\/\/www.gabriele-engelhardt.com\/wp-content\/uploads\/2025\/02\/2025_Katalgo_Innenseite_Blauer-nasser-Berg_IMG_4144-1-1024x604.jpg\" class=\"attachment-large size-large wp-image-3823\" alt=\"\" srcset=\"https:\/\/www.gabriele-engelhardt.com\/wp-content\/uploads\/2025\/02\/2025_Katalgo_Innenseite_Blauer-nasser-Berg_IMG_4144-1-1024x604.jpg 1024w, https:\/\/www.gabriele-engelhardt.com\/wp-content\/uploads\/2025\/02\/2025_Katalgo_Innenseite_Blauer-nasser-Berg_IMG_4144-1-300x177.jpg 300w, https:\/\/www.gabriele-engelhardt.com\/wp-content\/uploads\/2025\/02\/2025_Katalgo_Innenseite_Blauer-nasser-Berg_IMG_4144-1-768x453.jpg 768w, https:\/\/www.gabriele-engelhardt.com\/wp-content\/uploads\/2025\/02\/2025_Katalgo_Innenseite_Blauer-nasser-Berg_IMG_4144-1-1536x907.jpg 1536w, https:\/\/www.gabriele-engelhardt.com\/wp-content\/uploads\/2025\/02\/2025_Katalgo_Innenseite_Blauer-nasser-Berg_IMG_4144-1.jpg 1701w\" sizes=\"(max-width: 800px) 100vw, 800px\" \/>\t\t\t\t\t\t\t\t\t\t\t\t\t\t\t<\/div>\n\t\t\t\t<\/div>\n\t\t\t\t<div class=\"elementor-element elementor-element-fea3130 elementor-widget elementor-widget-image\" data-id=\"fea3130\" data-element_type=\"widget\" data-e-type=\"widget\" data-widget_type=\"image.default\">\n\t\t\t\t<div class=\"elementor-widget-container\">\n\t\t\t\t\t\t\t\t\t\t\t\t\t\t\t<img loading=\"lazy\" decoding=\"async\" width=\"800\" height=\"530\" src=\"https:\/\/www.gabriele-engelhardt.com\/wp-content\/uploads\/2025\/02\/IMG_0259_b-1-1024x679.jpg\" class=\"attachment-large size-large wp-image-3829\" alt=\"\" srcset=\"https:\/\/www.gabriele-engelhardt.com\/wp-content\/uploads\/2025\/02\/IMG_0259_b-1-1024x679.jpg 1024w, https:\/\/www.gabriele-engelhardt.com\/wp-content\/uploads\/2025\/02\/IMG_0259_b-1-300x199.jpg 300w, https:\/\/www.gabriele-engelhardt.com\/wp-content\/uploads\/2025\/02\/IMG_0259_b-1-768x509.jpg 768w, https:\/\/www.gabriele-engelhardt.com\/wp-content\/uploads\/2025\/02\/IMG_0259_b-1-1536x1018.jpg 1536w, https:\/\/www.gabriele-engelhardt.com\/wp-content\/uploads\/2025\/02\/IMG_0259_b-1-2048x1357.jpg 2048w\" sizes=\"(max-width: 800px) 100vw, 800px\" \/>\t\t\t\t\t\t\t\t\t\t\t\t\t\t\t<\/div>\n\t\t\t\t<\/div>\n\t\t\t\t<\/div>\n\t\t<div class=\"elementor-element elementor-element-c6c66c1 e-con-full e-flex e-con e-child\" data-id=\"c6c66c1\" data-element_type=\"container\" data-e-type=\"container\">\n\t\t\t\t<div class=\"elementor-element elementor-element-cf44da0 elementor-widget elementor-widget-image\" data-id=\"cf44da0\" data-element_type=\"widget\" data-e-type=\"widget\" data-widget_type=\"image.default\">\n\t\t\t\t<div class=\"elementor-widget-container\">\n\t\t\t\t\t\t\t\t\t\t\t\t\t\t\t<img loading=\"lazy\" decoding=\"async\" width=\"800\" height=\"477\" src=\"https:\/\/www.gabriele-engelhardt.com\/wp-content\/uploads\/2025\/02\/2025_Katalog_Innenseite_Text_IMG_4149-1-1024x610.jpg\" class=\"attachment-large size-large wp-image-3820\" alt=\"\" srcset=\"https:\/\/www.gabriele-engelhardt.com\/wp-content\/uploads\/2025\/02\/2025_Katalog_Innenseite_Text_IMG_4149-1-1024x610.jpg 1024w, https:\/\/www.gabriele-engelhardt.com\/wp-content\/uploads\/2025\/02\/2025_Katalog_Innenseite_Text_IMG_4149-1-300x179.jpg 300w, https:\/\/www.gabriele-engelhardt.com\/wp-content\/uploads\/2025\/02\/2025_Katalog_Innenseite_Text_IMG_4149-1-768x458.jpg 768w, https:\/\/www.gabriele-engelhardt.com\/wp-content\/uploads\/2025\/02\/2025_Katalog_Innenseite_Text_IMG_4149-1-1536x916.jpg 1536w, https:\/\/www.gabriele-engelhardt.com\/wp-content\/uploads\/2025\/02\/2025_Katalog_Innenseite_Text_IMG_4149-1.jpg 1701w\" sizes=\"(max-width: 800px) 100vw, 800px\" \/>\t\t\t\t\t\t\t\t\t\t\t\t\t\t\t<\/div>\n\t\t\t\t<\/div>\n\t\t\t\t<div class=\"elementor-element elementor-element-4530a60 elementor-widget elementor-widget-image\" data-id=\"4530a60\" data-element_type=\"widget\" data-e-type=\"widget\" data-widget_type=\"image.default\">\n\t\t\t\t<div class=\"elementor-widget-container\">\n\t\t\t\t\t\t\t\t\t\t\t\t\t\t\t<img loading=\"lazy\" decoding=\"async\" width=\"800\" height=\"525\" src=\"https:\/\/www.gabriele-engelhardt.com\/wp-content\/uploads\/2025\/02\/2025_Katalog_Schlackeberg_1_IMG_4140-1-1024x672.jpg\" class=\"attachment-large size-large wp-image-3821\" alt=\"\" srcset=\"https:\/\/www.gabriele-engelhardt.com\/wp-content\/uploads\/2025\/02\/2025_Katalog_Schlackeberg_1_IMG_4140-1-1024x672.jpg 1024w, https:\/\/www.gabriele-engelhardt.com\/wp-content\/uploads\/2025\/02\/2025_Katalog_Schlackeberg_1_IMG_4140-1-300x197.jpg 300w, https:\/\/www.gabriele-engelhardt.com\/wp-content\/uploads\/2025\/02\/2025_Katalog_Schlackeberg_1_IMG_4140-1-768x504.jpg 768w, https:\/\/www.gabriele-engelhardt.com\/wp-content\/uploads\/2025\/02\/2025_Katalog_Schlackeberg_1_IMG_4140-1-1536x1008.jpg 1536w, https:\/\/www.gabriele-engelhardt.com\/wp-content\/uploads\/2025\/02\/2025_Katalog_Schlackeberg_1_IMG_4140-1.jpg 1701w\" sizes=\"(max-width: 800px) 100vw, 800px\" \/>\t\t\t\t\t\t\t\t\t\t\t\t\t\t\t<\/div>\n\t\t\t\t<\/div>\n\t\t\t\t<div class=\"elementor-element elementor-element-0ede6e1 elementor-widget elementor-widget-image\" data-id=\"0ede6e1\" data-element_type=\"widget\" data-e-type=\"widget\" data-widget_type=\"image.default\">\n\t\t\t\t<div class=\"elementor-widget-container\">\n\t\t\t\t\t\t\t\t\t\t\t\t\t\t\t<img loading=\"lazy\" decoding=\"async\" width=\"800\" height=\"499\" src=\"https:\/\/www.gabriele-engelhardt.com\/wp-content\/uploads\/2025\/02\/Kohleberg_Innenseite_IMG_4130-1-1024x639.jpg\" class=\"attachment-large size-large wp-image-3838\" alt=\"\" srcset=\"https:\/\/www.gabriele-engelhardt.com\/wp-content\/uploads\/2025\/02\/Kohleberg_Innenseite_IMG_4130-1-1024x639.jpg 1024w, https:\/\/www.gabriele-engelhardt.com\/wp-content\/uploads\/2025\/02\/Kohleberg_Innenseite_IMG_4130-1-300x187.jpg 300w, https:\/\/www.gabriele-engelhardt.com\/wp-content\/uploads\/2025\/02\/Kohleberg_Innenseite_IMG_4130-1-768x479.jpg 768w, https:\/\/www.gabriele-engelhardt.com\/wp-content\/uploads\/2025\/02\/Kohleberg_Innenseite_IMG_4130-1-1536x958.jpg 1536w, https:\/\/www.gabriele-engelhardt.com\/wp-content\/uploads\/2025\/02\/Kohleberg_Innenseite_IMG_4130-1-2048x1278.jpg 2048w\" sizes=\"(max-width: 800px) 100vw, 800px\" \/>\t\t\t\t\t\t\t\t\t\t\t\t\t\t\t<\/div>\n\t\t\t\t<\/div>\n\t\t\t\t<\/div>\n\t\t<div class=\"elementor-element elementor-element-a7317ce e-con-full e-flex e-con e-child\" data-id=\"a7317ce\" data-element_type=\"container\" data-e-type=\"container\">\n\t\t\t\t<div class=\"elementor-element elementor-element-c4da99d elementor-widget elementor-widget-image\" data-id=\"c4da99d\" data-element_type=\"widget\" data-e-type=\"widget\" data-widget_type=\"image.default\">\n\t\t\t\t<div class=\"elementor-widget-container\">\n\t\t\t\t\t\t\t\t\t\t\t\t\t\t\t<img loading=\"lazy\" decoding=\"async\" width=\"800\" height=\"468\" src=\"https:\/\/www.gabriele-engelhardt.com\/wp-content\/uploads\/2025\/02\/IMG_4129-1024x599.jpg\" class=\"attachment-large size-large wp-image-3826\" alt=\"\" srcset=\"https:\/\/www.gabriele-engelhardt.com\/wp-content\/uploads\/2025\/02\/IMG_4129-1024x599.jpg 1024w, https:\/\/www.gabriele-engelhardt.com\/wp-content\/uploads\/2025\/02\/IMG_4129-300x176.jpg 300w, https:\/\/www.gabriele-engelhardt.com\/wp-content\/uploads\/2025\/02\/IMG_4129-768x449.jpg 768w, https:\/\/www.gabriele-engelhardt.com\/wp-content\/uploads\/2025\/02\/IMG_4129-1536x899.jpg 1536w, https:\/\/www.gabriele-engelhardt.com\/wp-content\/uploads\/2025\/02\/IMG_4129-2048x1198.jpg 2048w\" sizes=\"(max-width: 800px) 100vw, 800px\" \/>\t\t\t\t\t\t\t\t\t\t\t\t\t\t\t<\/div>\n\t\t\t\t<\/div>\n\t\t\t\t<div class=\"elementor-element elementor-element-a298237 elementor-widget elementor-widget-image\" data-id=\"a298237\" data-element_type=\"widget\" data-e-type=\"widget\" data-widget_type=\"image.default\">\n\t\t\t\t<div class=\"elementor-widget-container\">\n\t\t\t\t\t\t\t\t\t\t\t\t\t\t\t<img loading=\"lazy\" decoding=\"async\" width=\"800\" height=\"517\" src=\"https:\/\/www.gabriele-engelhardt.com\/wp-content\/uploads\/2025\/02\/2025_Katalog_Schlackeberg_2_IMG_4139-1-1024x662.jpg\" class=\"attachment-large size-large wp-image-3822\" alt=\"\" srcset=\"https:\/\/www.gabriele-engelhardt.com\/wp-content\/uploads\/2025\/02\/2025_Katalog_Schlackeberg_2_IMG_4139-1-1024x662.jpg 1024w, https:\/\/www.gabriele-engelhardt.com\/wp-content\/uploads\/2025\/02\/2025_Katalog_Schlackeberg_2_IMG_4139-1-300x194.jpg 300w, https:\/\/www.gabriele-engelhardt.com\/wp-content\/uploads\/2025\/02\/2025_Katalog_Schlackeberg_2_IMG_4139-1-768x497.jpg 768w, https:\/\/www.gabriele-engelhardt.com\/wp-content\/uploads\/2025\/02\/2025_Katalog_Schlackeberg_2_IMG_4139-1-1536x993.jpg 1536w, https:\/\/www.gabriele-engelhardt.com\/wp-content\/uploads\/2025\/02\/2025_Katalog_Schlackeberg_2_IMG_4139-1.jpg 1701w\" sizes=\"(max-width: 800px) 100vw, 800px\" \/>\t\t\t\t\t\t\t\t\t\t\t\t\t\t\t<\/div>\n\t\t\t\t<\/div>\n\t\t\t\t<div class=\"elementor-element elementor-element-9cdc0e1 elementor-widget elementor-widget-image\" data-id=\"9cdc0e1\" data-element_type=\"widget\" data-e-type=\"widget\" data-widget_type=\"image.default\">\n\t\t\t\t<div class=\"elementor-widget-container\">\n\t\t\t\t\t\t\t\t\t\t\t\t\t\t\t<img loading=\"lazy\" decoding=\"async\" width=\"800\" height=\"490\" src=\"https:\/\/www.gabriele-engelhardt.com\/wp-content\/uploads\/2025\/02\/2024_Katalog_Innenseite_Abdruckberg_IMG_4138-1024x627.jpg\" class=\"attachment-large size-large wp-image-3828\" alt=\"\" srcset=\"https:\/\/www.gabriele-engelhardt.com\/wp-content\/uploads\/2025\/02\/2024_Katalog_Innenseite_Abdruckberg_IMG_4138-1024x627.jpg 1024w, https:\/\/www.gabriele-engelhardt.com\/wp-content\/uploads\/2025\/02\/2024_Katalog_Innenseite_Abdruckberg_IMG_4138-300x184.jpg 300w, https:\/\/www.gabriele-engelhardt.com\/wp-content\/uploads\/2025\/02\/2024_Katalog_Innenseite_Abdruckberg_IMG_4138-768x470.jpg 768w, https:\/\/www.gabriele-engelhardt.com\/wp-content\/uploads\/2025\/02\/2024_Katalog_Innenseite_Abdruckberg_IMG_4138-1536x941.jpg 1536w, https:\/\/www.gabriele-engelhardt.com\/wp-content\/uploads\/2025\/02\/2024_Katalog_Innenseite_Abdruckberg_IMG_4138.jpg 1701w\" sizes=\"(max-width: 800px) 100vw, 800px\" \/>\t\t\t\t\t\t\t\t\t\t\t\t\t\t\t<\/div>\n\t\t\t\t<\/div>\n\t\t\t\t<\/div>\n\t\t\t\t\t<\/div>\n\t\t\t\t<\/div>\n\t\t<div class=\"elementor-element elementor-element-e9aaec9 e-flex e-con-boxed e-con e-parent\" data-id=\"e9aaec9\" data-element_type=\"container\" data-e-type=\"container\">\n\t\t\t\t\t<div class=\"e-con-inner\">\n\t\t\t\t<div class=\"elementor-element elementor-element-c49deaa elementor-widget-divider--view-line elementor-widget elementor-widget-divider\" data-id=\"c49deaa\" data-element_type=\"widget\" data-e-type=\"widget\" data-widget_type=\"divider.default\">\n\t\t\t\t<div class=\"elementor-widget-container\">\n\t\t\t\t\t\t\t<div class=\"elementor-divider\">\n\t\t\t<span class=\"elementor-divider-separator\">\n\t\t\t\t\t\t<\/span>\n\t\t<\/div>\n\t\t\t\t\t\t<\/div>\n\t\t\t\t<\/div>\n\t\t\t\t\t<\/div>\n\t\t\t\t<\/div>\n\t\t<div class=\"elementor-element elementor-element-8887457 e-flex e-con-boxed e-con e-parent\" data-id=\"8887457\" data-element_type=\"container\" data-e-type=\"container\">\n\t\t\t\t\t<div class=\"e-con-inner\">\n\t\t<div class=\"elementor-element elementor-element-e6ee6e2 e-con-full e-flex e-con e-child\" data-id=\"e6ee6e2\" data-element_type=\"container\" data-e-type=\"container\">\n\t\t\t\t<div class=\"elementor-element elementor-element-80b5006 elementor-widget elementor-widget-image\" data-id=\"80b5006\" data-element_type=\"widget\" data-e-type=\"widget\" data-widget_type=\"image.default\">\n\t\t\t\t<div class=\"elementor-widget-container\">\n\t\t\t\t\t\t\t\t\t\t\t\t\t\t\t<img loading=\"lazy\" decoding=\"async\" width=\"800\" height=\"775\" src=\"https:\/\/www.gabriele-engelhardt.com\/wp-content\/uploads\/2025\/02\/2018_Kehler-Berge_IMG_4012-1024x992.jpg\" class=\"attachment-large size-large wp-image-3830\" alt=\"\" srcset=\"https:\/\/www.gabriele-engelhardt.com\/wp-content\/uploads\/2025\/02\/2018_Kehler-Berge_IMG_4012-1024x992.jpg 1024w, https:\/\/www.gabriele-engelhardt.com\/wp-content\/uploads\/2025\/02\/2018_Kehler-Berge_IMG_4012-300x291.jpg 300w, https:\/\/www.gabriele-engelhardt.com\/wp-content\/uploads\/2025\/02\/2018_Kehler-Berge_IMG_4012-768x744.jpg 768w, https:\/\/www.gabriele-engelhardt.com\/wp-content\/uploads\/2025\/02\/2018_Kehler-Berge_IMG_4012-1536x1487.jpg 1536w, https:\/\/www.gabriele-engelhardt.com\/wp-content\/uploads\/2025\/02\/2018_Kehler-Berge_IMG_4012-2048x1983.jpg 2048w\" sizes=\"(max-width: 800px) 100vw, 800px\" \/>\t\t\t\t\t\t\t\t\t\t\t\t\t\t\t<\/div>\n\t\t\t\t<\/div>\n\t\t\t\t<\/div>\n\t\t<div class=\"elementor-element elementor-element-9a2f67e e-con-full e-flex e-con e-child\" data-id=\"9a2f67e\" data-element_type=\"container\" data-e-type=\"container\">\n\t\t<div class=\"elementor-element elementor-element-9027951 e-con-full e-flex e-con e-child\" data-id=\"9027951\" data-element_type=\"container\" data-e-type=\"container\">\n\t\t\t\t<div class=\"elementor-element elementor-element-f31e3d5 elementor-widget elementor-widget-text-editor\" data-id=\"f31e3d5\" data-element_type=\"widget\" data-e-type=\"widget\" data-widget_type=\"text-editor.default\">\n\t\t\t\t<div class=\"elementor-widget-container\">\n\t\t\t\t\t\t\t\t\t<p>Gabriele Engelhardt<\/p><p><strong>Montagnes de Kehl<\/strong><\/p><p> <\/p><p><strong>Auteur\/ Authoress  <br><\/strong><\/p><p>  Kristin Marek (Universit\u00e9 Bauhaus de Weimar)<\/p><p><strong>Conception graphique et composition\/ Graphic design and typesetting<\/strong><\/p><p>  Irene M\u00fcller, Stuttgart<\/p><p><strong>Soutenu par\/ Supported by<\/strong><\/p><p>  Bureau de la culture de Kehl<\/p><p><strong>Tirage\/ Copies<\/strong><\/p><p>  500<\/p><p><strong>Paru\/ Published<\/strong><\/p><p>  \u00c9dition \u00e0 compte d'auteur, 2018<\/p><p><strong>\u00c9puis\u00e9 !<\/strong><\/p>\t\t\t\t\t\t\t\t<\/div>\n\t\t\t\t<\/div>\n\t\t\t\t<div class=\"elementor-element elementor-element-77cda31 elementor-widget elementor-widget-image\" data-id=\"77cda31\" data-element_type=\"widget\" data-e-type=\"widget\" data-widget_type=\"image.default\">\n\t\t\t\t<div class=\"elementor-widget-container\">\n\t\t\t\t\t\t\t\t\t\t\t\t\t\t\t<img loading=\"lazy\" decoding=\"async\" width=\"800\" height=\"455\" src=\"https:\/\/www.gabriele-engelhardt.com\/wp-content\/uploads\/2025\/03\/2018_Innenseite_Text_IMG_4175-1-1024x583.jpg\" class=\"attachment-large size-large wp-image-3865\" alt=\"\" srcset=\"https:\/\/www.gabriele-engelhardt.com\/wp-content\/uploads\/2025\/03\/2018_Innenseite_Text_IMG_4175-1-1024x583.jpg 1024w, https:\/\/www.gabriele-engelhardt.com\/wp-content\/uploads\/2025\/03\/2018_Innenseite_Text_IMG_4175-1-300x171.jpg 300w, https:\/\/www.gabriele-engelhardt.com\/wp-content\/uploads\/2025\/03\/2018_Innenseite_Text_IMG_4175-1-768x437.jpg 768w, https:\/\/www.gabriele-engelhardt.com\/wp-content\/uploads\/2025\/03\/2018_Innenseite_Text_IMG_4175-1-1536x874.jpg 1536w, https:\/\/www.gabriele-engelhardt.com\/wp-content\/uploads\/2025\/03\/2018_Innenseite_Text_IMG_4175-1.jpg 1701w\" sizes=\"(max-width: 800px) 100vw, 800px\" \/>\t\t\t\t\t\t\t\t\t\t\t\t\t\t\t<\/div>\n\t\t\t\t<\/div>\n\t\t\t\t<\/div>\n\t\t\t\t<\/div>\n\t\t\t\t\t<\/div>\n\t\t\t\t<\/div>\n\t\t\t\t<\/div>\n\t\t","protected":false},"excerpt":{"rendered":"<p>Gabriele Engelhardt raw_material Autrices et auteurs\/ Authoress and author - Dr\u00a0 Anett Holzheid (conservatrice, Centre d'art et \u00a0 des m\u00e9dias, ZKM) - Dr\u00a0 Helga Huskamp (Directrice g\u00e9n\u00e9rale du ZKM, 2001 - 2003) - Florian Steiniger (Directeur de la Kunsthalle Krems,\u00a0 Autriche) Conception graphique et composition\/ Graphic design and typesetting - Hannah Feldmeier, Leipzig Lectorat\/ Copyediting [&hellip;]<\/p>\n","protected":false},"author":1,"featured_media":0,"parent":0,"menu_order":0,"comment_status":"closed","ping_status":"closed","template":"elementor_header_footer","meta":{"footnotes":""},"class_list":["post-3932","page","type-page","status-publish","hentry"],"_links":{"self":[{"href":"https:\/\/www.gabriele-engelhardt.com\/fr\/wp-json\/wp\/v2\/pages\/3932","targetHints":{"allow":["GET"]}}],"collection":[{"href":"https:\/\/www.gabriele-engelhardt.com\/fr\/wp-json\/wp\/v2\/pages"}],"about":[{"href":"https:\/\/www.gabriele-engelhardt.com\/fr\/wp-json\/wp\/v2\/types\/page"}],"author":[{"embeddable":true,"href":"https:\/\/www.gabriele-engelhardt.com\/fr\/wp-json\/wp\/v2\/users\/1"}],"replies":[{"embeddable":true,"href":"https:\/\/www.gabriele-engelhardt.com\/fr\/wp-json\/wp\/v2\/comments?post=3932"}],"version-history":[{"count":8,"href":"https:\/\/www.gabriele-engelhardt.com\/fr\/wp-json\/wp\/v2\/pages\/3932\/revisions"}],"predecessor-version":[{"id":4332,"href":"https:\/\/www.gabriele-engelhardt.com\/fr\/wp-json\/wp\/v2\/pages\/3932\/revisions\/4332"}],"wp:attachment":[{"href":"https:\/\/www.gabriele-engelhardt.com\/fr\/wp-json\/wp\/v2\/media?parent=3932"}],"curies":[{"name":"wp","href":"https:\/\/api.w.org\/{rel}","templated":true}]}}